{"id":158,"date":"2023-10-20T11:13:48","date_gmt":"2023-10-20T16:13:48","guid":{"rendered":"https:\/\/literary.maryland.edu.pe\/?post_type=product&#038;p=158"},"modified":"2023-10-20T11:13:48","modified_gmt":"2023-10-20T16:13:48","slug":"158","status":"publish","type":"product","link":"https:\/\/literary.maryland.edu.pe\/index.php\/product\/158\/","title":{"rendered":""},"content":{"rendered":"<p style=\"text-align: center;\">Rachael Lippincott<\/p>\n<p>A Stella Grant le gusta tener el control, a pesar de no poder dominar sus propios pulmones, que la han tenido en el hospital la mayor parte de su vida. Por encima de todo, Stella necesita controlar su espacio para mantenerse alejada de cualquier persona o cosa que pueda transmitirle una infecci\u00f3n y poner en peligro su trasplante de pulm\u00f3n. Dos metros de distancia. Sin excepciones.<\/p>\n<p>En cuanto a Will Newman, lo \u00fanico que quiere controlar es c\u00f3mo salir de este hospital. No le importan sus tratamientos, o si hay una nueva medicaci\u00f3n en ensayocl\u00ednico.Pronto cumplir\u00e1 dieciocho a\u00f1os y podr\u00e1 desconectar todas estas m\u00e1quinas. Desea ir a ver el mundo, no solo sus hospitales.<\/p>\n<p>Will y Stella no pueden acercarse. Solo con que respiren cerca, Will podr\u00eda provocar que Stella perdiera su puesto en la lista de trasplantes. La \u00fanica forma de mantenerse con vida es mantenerse alejados.<\/p>\n","protected":false},"excerpt":{"rendered":"<p>Rachael Lippincott A Stella Grant le gusta tener el control, a pesar de no poder dominar sus propios pulmones, que la han tenido en el hospital la mayor parte de su vida. Por encima de todo, Stella necesita controlar su espacio para mantenerse alejada de cualquier persona o cosa que [&hellip;]<\/p>\n","protected":false},"featured_media":159,"comment_status":"open","ping_status":"closed","template":"","meta":[],"product_cat":[19],"product_tag":[],"class_list":["post-158","product","type-product","status-publish","has-post-thumbnail","hentry","product_cat-uncategorized"],"_links":{"self":[{"href":"https:\/\/literary.maryland.edu.pe\/index.php\/wp-json\/wp\/v2\/product\/158","targetHints":{"allow":["GET"]}}],"collection":[{"href":"https:\/\/literary.maryland.edu.pe\/index.php\/wp-json\/wp\/v2\/product"}],"about":[{"href":"https:\/\/literary.maryland.edu.pe\/index.php\/wp-json\/wp\/v2\/types\/product"}],"replies":[{"embeddable":true,"href":"https:\/\/literary.maryland.edu.pe\/index.php\/wp-json\/wp\/v2\/comments?post=158"}],"wp:featuredmedia":[{"embeddable":true,"href":"https:\/\/literary.maryland.edu.pe\/index.php\/wp-json\/wp\/v2\/media\/159"}],"wp:attachment":[{"href":"https:\/\/literary.maryland.edu.pe\/index.php\/wp-json\/wp\/v2\/media?parent=158"}],"wp:term":[{"taxonomy":"product_cat","embeddable":true,"href":"https:\/\/literary.maryland.edu.pe\/index.php\/wp-json\/wp\/v2\/product_cat?post=158"},{"taxonomy":"product_tag","embeddable":true,"href":"https:\/\/literary.maryland.edu.pe\/index.php\/wp-json\/wp\/v2\/product_tag?post=158"}],"curies":[{"name":"wp","href":"https:\/\/api.w.org\/{rel}","templated":true}]}}