{"id":160,"date":"2023-10-20T11:26:14","date_gmt":"2023-10-20T16:26:14","guid":{"rendered":"https:\/\/literary.maryland.edu.pe\/?post_type=product&#038;p=160"},"modified":"2023-10-20T11:27:07","modified_gmt":"2023-10-20T16:27:07","slug":"invisible","status":"publish","type":"product","link":"https:\/\/literary.maryland.edu.pe\/index.php\/product\/invisible\/","title":{"rendered":"INVISIBLE"},"content":{"rendered":"<p>Un ni\u00f1o se pregunta por qu\u00e9 ha dejado de ser invisible. SI pudiera volver a desaparecer no tendr\u00eda que responder las preguntas que ve en los ojos de su madre mientras est\u00e1 con \u00e9l en el hospital. \u201cInvisible\u201d, de Eloy Moreno, desgrana el drama que vive un ni\u00f1o en un centro escolar; una historia de la que es imposible salir indemne. Llega un momento en que el dolor de este ni\u00f1o es tan inconmensurable que eres t\u00fa quien lo siente. Utilizando la fantas\u00eda como motor narrativo, el autor nos desvela las terribles consecuencias del acoso escolar: el dolor, el miedo y la soledad. Tambi\u00e9n el silencio de quienes pueden tomar medidas y no hacen nada: la directora del colegio, preocupada \u00fanicamente porque no bajen los ingresos del centro; profesores que prefieren o\u00edr, ver y callar; y compa\u00f1eros de clase que comparten los v\u00eddeos y burlas porque es mejor re\u00edr las gracias que convertirse en v\u00edctimas. Solo intentar\u00e1 ayudarle una mujer con un drag\u00f3n tatuado en la espalda. Y lo har\u00e1 porque para ella ese ni\u00f1o no es invisible; entiende su dolor y su miedo como nadie. Ser\u00e1 ella quien obligue al lector a reflexionar sobre ciertos comportamientos a los que no damos importancia, pero que causan un enorme que en ocasiones llega a ser irreparable. Pensad una cosa: si os llega un v\u00eddeo por WhatsApp de alguien que lo est\u00e1 pasando mal, \u00bfpor qu\u00e9 nos re\u00edmos y lo compartimos?, \u00bfpor qu\u00e9 no nos paramos a pensar por qu\u00e9 quien estaba all\u00ed prefiri\u00f3 grabar y no ayudar? Un libro que terminas roto y deseando que haya m\u00e1s personas como la mujer del drag\u00f3n tatuado. Personas que no miran para otro lado y que intentan acaban con una lacra que, en la mayor\u00eda de los casos, se soluciona cambiando de centro escolar a la v\u00edctima y no al agresor. Depende de todos acabar con esto. Especialmente de padres que deben ense\u00f1ar a sus hijos que nadie vale m\u00e1s que otro y de centros educativos que deben valorar si merece m\u00e1s la pena tener una reputaci\u00f3n intachable o ser un centro de referencia por sus pol\u00edticas de tolerancia cero con el acoso escolar.<\/p>\n","protected":false},"excerpt":{"rendered":"<p>Un ni\u00f1o se pregunta por qu\u00e9 ha dejado de ser invisible. SI pudiera volver a desaparecer no tendr\u00eda que responder las preguntas que ve en los ojos de su madre mientras est\u00e1 con \u00e9l en el hospital. \u201cInvisible\u201d, de Eloy Moreno, desgrana el drama que vive un ni\u00f1o en un [&hellip;]<\/p>\n","protected":false},"featured_media":161,"comment_status":"open","ping_status":"closed","template":"","meta":[],"product_cat":[28,27],"product_tag":[],"class_list":["post-160","product","type-product","status-publish","has-post-thumbnail","hentry","product_cat-juvenil","product_cat-recreatividad"],"_links":{"self":[{"href":"https:\/\/literary.maryland.edu.pe\/index.php\/wp-json\/wp\/v2\/product\/160","targetHints":{"allow":["GET"]}}],"collection":[{"href":"https:\/\/literary.maryland.edu.pe\/index.php\/wp-json\/wp\/v2\/product"}],"about":[{"href":"https:\/\/literary.maryland.edu.pe\/index.php\/wp-json\/wp\/v2\/types\/product"}],"replies":[{"embeddable":true,"href":"https:\/\/literary.maryland.edu.pe\/index.php\/wp-json\/wp\/v2\/comments?post=160"}],"wp:featuredmedia":[{"embeddable":true,"href":"https:\/\/literary.maryland.edu.pe\/index.php\/wp-json\/wp\/v2\/media\/161"}],"wp:attachment":[{"href":"https:\/\/literary.maryland.edu.pe\/index.php\/wp-json\/wp\/v2\/media?parent=160"}],"wp:term":[{"taxonomy":"product_cat","embeddable":true,"href":"https:\/\/literary.maryland.edu.pe\/index.php\/wp-json\/wp\/v2\/product_cat?post=160"},{"taxonomy":"product_tag","embeddable":true,"href":"https:\/\/literary.maryland.edu.pe\/index.php\/wp-json\/wp\/v2\/product_tag?post=160"}],"curies":[{"name":"wp","href":"https:\/\/api.w.org\/{rel}","templated":true}]}}