{"id":185,"date":"2023-11-21T13:30:07","date_gmt":"2023-11-21T18:30:07","guid":{"rendered":"https:\/\/literary.maryland.edu.pe\/?post_type=product&#038;p=185"},"modified":"2023-11-21T13:30:07","modified_gmt":"2023-11-21T18:30:07","slug":"libro-de-recetas-encantadas-de-disney","status":"publish","type":"product","link":"https:\/\/literary.maryland.edu.pe\/index.php\/product\/libro-de-recetas-encantadas-de-disney\/","title":{"rendered":"Libro de recetas encantadas de Disney"},"content":{"rendered":"","protected":false},"excerpt":{"rendered":"<p>Un libro que el peque\u00f1o de la casa adorara e impulsara sus sue\u00f1os de ser un gran chef, cocinando recetas que aparecen en las pel\u00edculas de Disney.<\/p>\n","protected":false},"featured_media":187,"comment_status":"open","ping_status":"closed","template":"","meta":[],"product_cat":[19],"product_tag":[],"class_list":["post-185","product","type-product","status-publish","has-post-thumbnail","hentry","product_cat-uncategorized"],"_links":{"self":[{"href":"https:\/\/literary.maryland.edu.pe\/index.php\/wp-json\/wp\/v2\/product\/185","targetHints":{"allow":["GET"]}}],"collection":[{"href":"https:\/\/literary.maryland.edu.pe\/index.php\/wp-json\/wp\/v2\/product"}],"about":[{"href":"https:\/\/literary.maryland.edu.pe\/index.php\/wp-json\/wp\/v2\/types\/product"}],"replies":[{"embeddable":true,"href":"https:\/\/literary.maryland.edu.pe\/index.php\/wp-json\/wp\/v2\/comments?post=185"}],"wp:featuredmedia":[{"embeddable":true,"href":"https:\/\/literary.maryland.edu.pe\/index.php\/wp-json\/wp\/v2\/media\/187"}],"wp:attachment":[{"href":"https:\/\/literary.maryland.edu.pe\/index.php\/wp-json\/wp\/v2\/media?parent=185"}],"wp:term":[{"taxonomy":"product_cat","embeddable":true,"href":"https:\/\/literary.maryland.edu.pe\/index.php\/wp-json\/wp\/v2\/product_cat?post=185"},{"taxonomy":"product_tag","embeddable":true,"href":"https:\/\/literary.maryland.edu.pe\/index.php\/wp-json\/wp\/v2\/product_tag?post=185"}],"curies":[{"name":"wp","href":"https:\/\/api.w.org\/{rel}","templated":true}]}}